{"id":105508,"date":"2023-11-27T10:29:47","date_gmt":"2023-11-27T09:29:47","guid":{"rendered":"https:\/\/www.ab-in-den-urlaub.de\/magazin\/?page_id=105508"},"modified":"2026-03-16T12:34:33","modified_gmt":"2026-03-16T11:34:33","slug":"reisebuero-leipzig","status":"publish","type":"page","link":"https:\/\/www.ab-in-den-urlaub.de\/magazin\/reisebuero-leipzig\/","title":{"rendered":"Reiseb\u00fcro Leipzig Grimmaische"},"content":{"rendered":"<div class=\"wpb-content-wrapper\"><p>[vc_section full_width=&#8220;stretch_row&#8220; el_id=&#8220;zl-otf&#8220; el_class=&#8220;zl-otf-section zl-section&#8220; css=&#8220;.vc_custom_1681302236288{background-image: url(https:\/\/www.ab-in-den-urlaub.de\/magazin\/wp-content\/uploads\/2023\/04\/1681300952_glueck-ab-in-den-urlaub.jpg?id=100583) !important;background-position: center !important;background-repeat: no-repeat !important;background-size: cover !important;}&#8220;][vc_row el_class=&#8220;zl-row zl-clear-spacing&#8220; css=&#8220;.vc_custom_1678968880539{padding-top: 123px !important;padding-bottom: 123px !important;}&#8220;][vc_column][vc_custom_heading text=&#8220;Unser Reiseb\u00fcro in Leipzig&#8220; font_container=&#8220;tag:h1|text_align:center&#8220; use_theme_fonts=&#8220;yes&#8220; el_class=&#8220;zl-h1&#8243;][\/vc_column][\/vc_row][vc_row el_id=&#8220;zl-otf-buttons-container&#8220; el_class=&#8220;zl-otf-buttons-container&#8220;][vc_column][vc_btn title=&#8220;Kunden-Login&#8220; link=&#8220;url:https%3A%2F%2Fwww.ab-in-den-urlaub.de%2Flogin%3FinitScreen%3DsignIn&#8220; el_class=&#8220;zl-otf-btn&#8220;][vc_btn title=&#8220;Inspirieren lassen&#8220; link=&#8220;url:https%3A%2F%2Fwww.ab-in-den-urlaub.de%2Fmagazin%2F&#8220; el_class=&#8220;zl-otf-btn&#8220;][vc_btn title=&#8220;Reisekalender&#8220; link=&#8220;url:https%3A%2F%2Fwww.ab-in-den-urlaub.de%2Fmagazin%2Freisetipps%2Freisekalender%2F&#8220; el_class=&#8220;zl-otf-btn&#8220;][\/vc_column][\/vc_row][\/vc_section][vc_section full_width=&#8220;stretch_row&#8220; el_class=&#8220;zl-section&#8220; css=&#8220;.vc_custom_1679413542419{padding-right: 20px !important;padding-left: 20px !important;}&#8220; el_id=&#8220;zl-top-laender&#8220;][vc_row el_class=&#8220;zl-top-laender-row zl-row&#8220; css=&#8220;.vc_custom_1679066085011{padding-top: 111px !important;}&#8220;][vc_column width=&#8220;1\/2&#8243;][vc_raw_html]JTNDaWZyYW1lJTIwc3JjJTNEJTIyaHR0cHMlM0ElMkYlMkZ3d3cuZ29vZ2xlLmNvbSUyRm1hcHMlMkZlbWJlZCUzRnBiJTNEJTIxMW0xOCUyMTFtMTIlMjExbTMlMjExZDI0OTIuNDQxNTk0ODkwODkyMiUyMTJkMTIuMzc1NzIxMzc2ODkxODgyJTIxM2Q1MS4zMzk3ODk5MjI5MzM2NiUyMTJtMyUyMTFmMCUyMTJmMCUyMTNmMCUyMTNtMiUyMTFpMTAyNCUyMTJpNzY4JTIxNGYxMy4xJTIxM20zJTIxMW0yJTIxMXMweDQ3YTZmOWY0YTRlODYzNjklMjUzQTB4NGU3MjcyZjMwNjE1MzBhMCUyMTJzYWIlMjUyMGluJTI1MjBkZW4lMjUyMHVybGF1YiUyNTIwRmxhZ3NoaXBzdG9yZSUyNTIwTGVpcHppZyUyMTVlMCUyMTNtMiUyMTFzZGUlMjEyc2RlJTIxNHYxNzEwODQ5Njc4ODkxJTIxNW0yJTIxMXNkZSUyMTJzZGUlMjIlMjB3aWR0aCUzRCUyMjYwMCUyMiUyMGhlaWdodCUzRCUyMjQ1MCUyMiUyMHN0eWxlJTNEJTIyYm9yZGVyJTNBMCUzQiUyMiUyMGFsbG93ZnVsbHNjcmVlbiUzRCUyMiUyMiUyMGxvYWRpbmclM0QlMjJsYXp5JTIyJTIwcmVmZXJyZXJwb2xpY3klM0QlMjJuby1yZWZlcnJlci13aGVuLWRvd25ncmFkZSUyMiUzRSUzQyUyRmlmcmFtZSUzRQ==[\/vc_raw_html][\/vc_column][vc_column width=&#8220;1\/2&#8243;][vc_column_text css=&#8220;&#8220;]Herzlich willkommen in unserem <strong>ab in den urlaub<\/strong> Reiseb\u00fcro in der Grimmaischen Stra\u00dfe, im Herzen von Leipzig. Wir freuen uns, dir ganz pers\u00f6nlich vor Ort bei deiner Reiseplanung helfen zu k\u00f6nnen. Dabei stehen wir dir mit unseren 20 Jahren Erfahrung mit erstklassigen Pauschalreisen, Top Hotels f\u00fcr die eigene Anreise, Last Minute Deals oder auch einfach nur ein bisschen Inspiration f\u00fcr <a href=\"https:\/\/www.ab-in-den-urlaub.de\/urlaub\">deinen n\u00e4chsten Traumurlaub<\/a> zur Seite. Komm am besten einmal pers\u00f6nlich vorbei und \u00fcberzeuge dich selbst:<\/p>\n<ul>\n<li>\u00d6ffnungszeiten:\n<ul>\n<li>Mo bis Fr von 09 bis 19 Uhr<\/li>\n<li>Sa von 10 bis 18 Uhr<\/li>\n<\/ul>\n<\/li>\n<li>Adresse: Grimmaische Str. 21, 04109 Leipzig<\/li>\n<li>Telefon: 0341 65050 55550<\/li>\n<li>E-Mail: <a href=\"mailto:leipzig@ab-in-den-urlaub.de\">leipzig@ab-in-den-urlaub.de<\/a><\/li>\n<\/ul>\n<p>Wir freuen uns auf deinen Besuch in unserem Flagship-Reiseb\u00fcro<strong>\u00a0<\/strong>im Zentrum von Leipzig! Denn manchmal muss es eben einfach ein pers\u00f6nlicher Kontakt sein, wenn es um die sch\u00f6nste Zeit des Jahres geht. Bis bald in der Grimmaischen Stra\u00dfe![\/vc_column_text][vc_btn title=&#8220;Jetzt Urlaubsgl\u00fcck finden&#8220; style=&#8220;custom&#8220; custom_background=&#8220;#2a4d8f&#8220; custom_text=&#8220;#ffffff&#8220; el_class=&#8220;gl-cta-btn&#8220; el_id=&#8220;bh-btn&#8220; link=&#8220;url:https%3A%2F%2Fwww.ab-in-den-urlaub.de&#8220;][\/vc_column][\/vc_row][\/vc_section][vc_section full_width=&#8220;stretch_row&#8220; el_class=&#8220;zl-section&#8220; css=&#8220;.vc_custom_1679480610541{padding-right: 20px !important;padding-left: 20px !important;}&#8220;][\/vc_section][vc_section full_width=&#8220;stretch_row_content&#8220; el_class=&#8220;gl-section gl-clear-spacing&#8220; css=&#8220;.vc_custom_1680595062432{padding-top: 48px !important;padding-right: 20px !important;padding-left: 20px !important;}&#8220; el_id=&#8220;gl-main&#8220;][vc_row el_class=&#8220;gl-row gl-clear-spacing&#8220;][vc_column][vc_separator color=&#8220;custom&#8220; accent_color=&#8220;rgba(0,0,0,0.1)&#8220; el_class=&#8220;hr&#8220; el_id=&#8220;gl-hr&#8220;][\/vc_column][\/vc_row][vc_row el_class=&#8220;gl-ctas-container&#8220;][vc_column][vc_btn title=&#8220;Zum Servicebereich&#8220; el_class=&#8220;gl-cta-btn&#8220; link=&#8220;url:https%3A%2F%2Fwww.ab-in-den-urlaub.de%2Fservice&#8220;][vc_btn title=&#8220;ab in den urlaub Bewertungen&#8220; el_class=&#8220;gl-cta-btn&#8220; link=&#8220;url:https%3A%2F%2Fwww.ab-in-den-urlaub.de%2Fmagazin%2Fbewertungen%2F&#8220;][vc_btn title=&#8220;ab in den urlaub App (Google Play)&#8220; el_class=&#8220;gl-cta-btn&#8220; link=&#8220;url:https%3A%2F%2Fplay.google.com%2Fstore%2Fapps%2Fdetails%3Fid%3Dde.unister.aidu%26hl%3Dde%26pli%3D1&#8243;][vc_btn title=&#8220;ab in den urlaub App (iOS)&#8220; el_class=&#8220;gl-cta-btn&#8220; link=&#8220;url:https%3A%2F%2Fapps.apple.com%2Fde%2Fapp%2Fab-in-den-urlaub%2Fid661149814&#8243;][\/vc_column][\/vc_row][\/vc_section]<\/p>\n<\/div>","protected":false},"excerpt":{"rendered":"<p>[vc_section full_width=&#8220;stretch_row&#8220; el_id=&#8220;zl-otf&#8220; el_class=&#8220;zl-otf-section zl-section&#8220; css=&#8220;.vc_custom_1681302236288{background-image: url(https:\/\/www.ab-in-den-urlaub.de\/magazin\/wp-content\/uploads\/2023\/04\/1681300952_glueck-ab-in-den-urlaub.jpg?id=100583) !important;background-position: center !important;background-repeat: no-repeat !important;background-size: cover !important;}&#8220;][vc_row el_class=&#8220;zl-row zl-clear-spacing&#8220; css=&#8220;.vc_custom_1678968880539{padding-top: 123px !important;padding-bottom: 123px !important;}&#8220;][vc_column][vc_custom_heading text=&#8220;Unser Reiseb\u00fcro in Leipzig&#8220; font_container=&#8220;tag:h1|text_align:center&#8220; use_theme_fonts=&#8220;yes&#8220; el_class=&#8220;zl-h1&#8243;][\/vc_column][\/vc_row][vc_row el_id=&#8220;zl-otf-buttons-container&#8220; el_class=&#8220;zl-otf-buttons-container&#8220;][vc_column][vc_btn title=&#8220;Kunden-Login&#8220; link=&#8220;url:https%3A%2F%2Fwww.ab-in-den-urlaub.de%2Flogin%3FinitScreen%3DsignIn&#8220; el_class=&#8220;zl-otf-btn&#8220;][vc_btn title=&#8220;Inspirieren lassen&#8220; link=&#8220;url:https%3A%2F%2Fwww.ab-in-den-urlaub.de%2Fmagazin%2F&#8220; el_class=&#8220;zl-otf-btn&#8220;][vc_btn title=&#8220;Reisekalender&#8220; link=&#8220;url:https%3A%2F%2Fwww.ab-in-den-urlaub.de%2Fmagazin%2Freisetipps%2Freisekalender%2F&#8220; el_class=&#8220;zl-otf-btn&#8220;][\/vc_column][\/vc_row][\/vc_section][vc_section full_width=&#8220;stretch_row&#8220; el_class=&#8220;zl-section&#8220; css=&#8220;.vc_custom_1679413542419{padding-right: 20px !important;padding-left: 20px !important;}&#8220; el_id=&#8220;zl-top-laender&#8220;][vc_row el_class=&#8220;zl-top-laender-row zl-row&#8220; css=&#8220;.vc_custom_1679066085011{padding-top: 111px !important;}&#8220;][vc_column width=&#8220;1\/2&#8243;][vc_raw_html]JTNDaWZyYW1lJTIwc3JjJTNEJTIyaHR0cHMlM0ElMkYlMkZ3d3cuZ29vZ2xlLmNvbSUyRm1hcHMlMkZlbWJlZCUzRnBiJTNEJTIxMW0xOCUyMTFtMTIlMjExbTMlMjExZDI0OTIuNDQxNTk0ODkwODkyMiUyMTJkMTIuMzc1NzIxMzc2ODkxODgyJTIxM2Q1MS4zMzk3ODk5MjI5MzM2NiUyMTJtMyUyMTFmMCUyMTJmMCUyMTNmMCUyMTNtMiUyMTFpMTAyNCUyMTJpNzY4JTIxNGYxMy4xJTIxM20zJTIxMW0yJTIxMXMweDQ3YTZmOWY0YTRlODYzNjklMjUzQTB4NGU3MjcyZjMwNjE1MzBhMCUyMTJzYWIlMjUyMGluJTI1MjBkZW4lMjUyMHVybGF1YiUyNTIwRmxhZ3NoaXBzdG9yZSUyNTIwTGVpcHppZyUyMTVlMCUyMTNtMiUyMTFzZGUlMjEyc2RlJTIxNHYxNzEwODQ5Njc4ODkxJTIxNW0yJTIxMXNkZSUyMTJzZGUlMjIlMjB3aWR0aCUzRCUyMjYwMCUyMiUyMGhlaWdodCUzRCUyMjQ1MCUyMiUyMHN0eWxlJTNEJTIyYm9yZGVyJTNBMCUzQiUyMiUyMGFsbG93ZnVsbHNjcmVlbiUzRCUyMiUyMiUyMGxvYWRpbmclM0QlMjJsYXp5JTIyJTIwcmVmZXJyZXJwb2xpY3klM0QlMjJuby1yZWZlcnJlci13aGVuLWRvd25ncmFkZSUyMiUzRSUzQyUyRmlmcmFtZSUzRQ==[\/vc_raw_html][\/vc_column][vc_column width=&#8220;1\/2&#8243;][vc_column_text [&hellip;]<\/p>\n","protected":false},"author":92,"featured_media":105544,"parent":0,"menu_order":128,"comment_status":"closed","ping_status":"closed","template":"page-fullwidth.php","meta":{"_acf_changed":false,"footnotes":""},"class_list":["post-105508","page","type-page","status-publish","has-post-thumbnail"],"acf":[],"yoast_head":"<!-- This site is optimized with the Yoast SEO Premium plugin v27.4 (Yoast SEO v27.4) - https:\/\/yoast.com\/product\/yoast-seo-premium-wordpress\/ -->\n<title>ab in den urlaub Reiseb\u00fcro: Grimmaische Str. 21, Leipzig<\/title>\n<meta name=\"description\" content=\"Willkommen in unserem Leipziger Reiseb\u00fcro! Du findest uns in der Grimmaische Str. 21, 04109 Leipzig - also mitten im Zentrum von Leipzig!\" \/>\n<meta name=\"robots\" content=\"index, follow, max-snippet:-1, max-image-preview:large, max-video-preview:-1\" \/>\n<link rel=\"canonical\" href=\"https:\/\/www.ab-in-den-urlaub.de\/magazin\/reisebuero-leipzig\/\" \/>\n<meta property=\"og:locale\" content=\"de_DE\" \/>\n<meta property=\"og:type\" content=\"article\" \/>\n<meta property=\"og:title\" content=\"Reiseb\u00fcro Leipzig Grimmaische\" \/>\n<meta property=\"og:description\" content=\"Willkommen in unserem Leipziger Reiseb\u00fcro! Du findest uns in der Grimmaische Str. 21, 04109 Leipzig - also mitten im Zentrum von Leipzig!\" \/>\n<meta property=\"og:url\" content=\"https:\/\/www.ab-in-den-urlaub.de\/magazin\/reisebuero-leipzig\/\" \/>\n<meta property=\"og:site_name\" content=\"ab in den urlaub Magazin\" \/>\n<meta property=\"article:publisher\" content=\"https:\/\/www.facebook.com\/abindenurlaub.de\/\" \/>\n<meta property=\"article:modified_time\" content=\"2026-03-16T11:34:33+00:00\" \/>\n<meta property=\"og:image\" content=\"https:\/\/www.ab-in-den-urlaub.de\/magazin\/wp-content\/uploads\/2023\/10\/1696927845_abindenurlaub-reisebuero-leipzig.jpg\" \/>\n\t<meta property=\"og:image:width\" content=\"734\" \/>\n\t<meta property=\"og:image:height\" content=\"650\" \/>\n\t<meta property=\"og:image:type\" content=\"image\/jpeg\" \/>\n<meta name=\"twitter:card\" content=\"summary_large_image\" \/>\n<meta name=\"twitter:site\" content=\"@abindenurlaub\" \/>\n<meta name=\"twitter:label1\" content=\"Gesch\u00e4tzte Lesezeit\" \/>\n\t<meta name=\"twitter:data1\" content=\"2\u00a0Minuten\" \/>\n<script type=\"application\/ld+json\" class=\"yoast-schema-graph\">{\"@context\":\"https:\\\/\\\/schema.org\",\"@graph\":[{\"@type\":\"WebPage\",\"@id\":\"https:\\\/\\\/www.ab-in-den-urlaub.de\\\/magazin\\\/reisebuero-leipzig\\\/\",\"url\":\"https:\\\/\\\/www.ab-in-den-urlaub.de\\\/magazin\\\/reisebuero-leipzig\\\/\",\"name\":\"ab in den urlaub Reiseb\u00fcro: Grimmaische Str. 21, Leipzig\",\"isPartOf\":{\"@id\":\"https:\\\/\\\/www.ab-in-den-urlaub.de\\\/magazin\\\/#website\"},\"primaryImageOfPage\":{\"@id\":\"https:\\\/\\\/www.ab-in-den-urlaub.de\\\/magazin\\\/reisebuero-leipzig\\\/#primaryimage\"},\"image\":{\"@id\":\"https:\\\/\\\/www.ab-in-den-urlaub.de\\\/magazin\\\/reisebuero-leipzig\\\/#primaryimage\"},\"thumbnailUrl\":\"https:\\\/\\\/www.ab-in-den-urlaub.de\\\/magazin\\\/wp-content\\\/uploads\\\/2023\\\/10\\\/1696927845_abindenurlaub-reisebuero-leipzig.jpg\",\"description\":\"Willkommen in unserem Leipziger Reiseb\u00fcro! Du findest uns in der Grimmaische Str. 21, 04109 Leipzig - also mitten im Zentrum von Leipzig!\",\"breadcrumb\":{\"@id\":\"https:\\\/\\\/www.ab-in-den-urlaub.de\\\/magazin\\\/reisebuero-leipzig\\\/#breadcrumb\"},\"inLanguage\":\"de\",\"potentialAction\":[{\"@type\":\"ReadAction\",\"target\":[\"https:\\\/\\\/www.ab-in-den-urlaub.de\\\/magazin\\\/reisebuero-leipzig\\\/\"]}]},{\"@type\":\"ImageObject\",\"inLanguage\":\"de\",\"@id\":\"https:\\\/\\\/www.ab-in-den-urlaub.de\\\/magazin\\\/reisebuero-leipzig\\\/#primaryimage\",\"url\":\"https:\\\/\\\/www.ab-in-den-urlaub.de\\\/magazin\\\/wp-content\\\/uploads\\\/2023\\\/10\\\/1696927845_abindenurlaub-reisebuero-leipzig.jpg\",\"contentUrl\":\"https:\\\/\\\/www.ab-in-den-urlaub.de\\\/magazin\\\/wp-content\\\/uploads\\\/2023\\\/10\\\/1696927845_abindenurlaub-reisebuero-leipzig.jpg\",\"width\":734,\"height\":650},{\"@type\":\"BreadcrumbList\",\"@id\":\"https:\\\/\\\/www.ab-in-den-urlaub.de\\\/magazin\\\/reisebuero-leipzig\\\/#breadcrumb\",\"itemListElement\":[{\"@type\":\"ListItem\",\"position\":1,\"name\":\"Home\",\"item\":\"https:\\\/\\\/www.ab-in-den-urlaub.de\\\/magazin\\\/\"},{\"@type\":\"ListItem\",\"position\":2,\"name\":\"Reiseb\u00fcro Leipzig Grimmaische\"}]},{\"@type\":\"WebSite\",\"@id\":\"https:\\\/\\\/www.ab-in-den-urlaub.de\\\/magazin\\\/#website\",\"url\":\"https:\\\/\\\/www.ab-in-den-urlaub.de\\\/magazin\\\/\",\"name\":\"ab in den urlaub Magazin\",\"description\":\"f\u00fcr deine sch\u00f6nste Zeit\",\"publisher\":{\"@id\":\"https:\\\/\\\/www.ab-in-den-urlaub.de\\\/magazin\\\/#organization\"},\"potentialAction\":[{\"@type\":\"SearchAction\",\"target\":{\"@type\":\"EntryPoint\",\"urlTemplate\":\"https:\\\/\\\/www.ab-in-den-urlaub.de\\\/magazin\\\/?s={search_term_string}\"},\"query-input\":{\"@type\":\"PropertyValueSpecification\",\"valueRequired\":true,\"valueName\":\"search_term_string\"}}],\"inLanguage\":\"de\"},{\"@type\":\"Organization\",\"@id\":\"https:\\\/\\\/www.ab-in-den-urlaub.de\\\/magazin\\\/#organization\",\"name\":\"ab in den urlaub\",\"url\":\"https:\\\/\\\/www.ab-in-den-urlaub.de\\\/magazin\\\/\",\"logo\":{\"@type\":\"ImageObject\",\"inLanguage\":\"de\",\"@id\":\"https:\\\/\\\/www.ab-in-den-urlaub.de\\\/magazin\\\/#\\\/schema\\\/logo\\\/image\\\/\",\"url\":\"https:\\\/\\\/www.ab-in-den-urlaub.de\\\/magazin\\\/wp-content\\\/uploads\\\/2020\\\/02\\\/1581928570_ab-in-den-urlaub-logo.png\",\"contentUrl\":\"https:\\\/\\\/www.ab-in-den-urlaub.de\\\/magazin\\\/wp-content\\\/uploads\\\/2020\\\/02\\\/1581928570_ab-in-den-urlaub-logo.png\",\"width\":526,\"height\":194,\"caption\":\"ab in den urlaub\"},\"image\":{\"@id\":\"https:\\\/\\\/www.ab-in-den-urlaub.de\\\/magazin\\\/#\\\/schema\\\/logo\\\/image\\\/\"},\"sameAs\":[\"https:\\\/\\\/www.facebook.com\\\/abindenurlaub.de\\\/\",\"https:\\\/\\\/x.com\\\/abindenurlaub\",\"https:\\\/\\\/www.instagram.com\\\/abindenurlaub\\\/?hl=de\",\"https:\\\/\\\/www.youtube.com\\\/user\\\/abindenurlaubde\"]}]}<\/script>\n<!-- \/ Yoast SEO Premium plugin. -->","yoast_head_json":{"title":"ab in den urlaub Reiseb\u00fcro: Grimmaische Str. 21, Leipzig","description":"Willkommen in unserem Leipziger Reiseb\u00fcro! Du findest uns in der Grimmaische Str. 21, 04109 Leipzig - also mitten im Zentrum von Leipzig!","robots":{"index":"index","follow":"follow","max-snippet":"max-snippet:-1","max-image-preview":"max-image-preview:large","max-video-preview":"max-video-preview:-1"},"canonical":"https:\/\/www.ab-in-den-urlaub.de\/magazin\/reisebuero-leipzig\/","og_locale":"de_DE","og_type":"article","og_title":"Reiseb\u00fcro Leipzig Grimmaische","og_description":"Willkommen in unserem Leipziger Reiseb\u00fcro! Du findest uns in der Grimmaische Str. 21, 04109 Leipzig - also mitten im Zentrum von Leipzig!","og_url":"https:\/\/www.ab-in-den-urlaub.de\/magazin\/reisebuero-leipzig\/","og_site_name":"ab in den urlaub Magazin","article_publisher":"https:\/\/www.facebook.com\/abindenurlaub.de\/","article_modified_time":"2026-03-16T11:34:33+00:00","og_image":[{"width":734,"height":650,"url":"https:\/\/www.ab-in-den-urlaub.de\/magazin\/wp-content\/uploads\/2023\/10\/1696927845_abindenurlaub-reisebuero-leipzig.jpg","type":"image\/jpeg"}],"twitter_card":"summary_large_image","twitter_site":"@abindenurlaub","twitter_misc":{"Gesch\u00e4tzte Lesezeit":"2\u00a0Minuten"},"schema":{"@context":"https:\/\/schema.org","@graph":[{"@type":"WebPage","@id":"https:\/\/www.ab-in-den-urlaub.de\/magazin\/reisebuero-leipzig\/","url":"https:\/\/www.ab-in-den-urlaub.de\/magazin\/reisebuero-leipzig\/","name":"ab in den urlaub Reiseb\u00fcro: Grimmaische Str. 21, Leipzig","isPartOf":{"@id":"https:\/\/www.ab-in-den-urlaub.de\/magazin\/#website"},"primaryImageOfPage":{"@id":"https:\/\/www.ab-in-den-urlaub.de\/magazin\/reisebuero-leipzig\/#primaryimage"},"image":{"@id":"https:\/\/www.ab-in-den-urlaub.de\/magazin\/reisebuero-leipzig\/#primaryimage"},"thumbnailUrl":"https:\/\/www.ab-in-den-urlaub.de\/magazin\/wp-content\/uploads\/2023\/10\/1696927845_abindenurlaub-reisebuero-leipzig.jpg","description":"Willkommen in unserem Leipziger Reiseb\u00fcro! Du findest uns in der Grimmaische Str. 21, 04109 Leipzig - also mitten im Zentrum von Leipzig!","breadcrumb":{"@id":"https:\/\/www.ab-in-den-urlaub.de\/magazin\/reisebuero-leipzig\/#breadcrumb"},"inLanguage":"de","potentialAction":[{"@type":"ReadAction","target":["https:\/\/www.ab-in-den-urlaub.de\/magazin\/reisebuero-leipzig\/"]}]},{"@type":"ImageObject","inLanguage":"de","@id":"https:\/\/www.ab-in-den-urlaub.de\/magazin\/reisebuero-leipzig\/#primaryimage","url":"https:\/\/www.ab-in-den-urlaub.de\/magazin\/wp-content\/uploads\/2023\/10\/1696927845_abindenurlaub-reisebuero-leipzig.jpg","contentUrl":"https:\/\/www.ab-in-den-urlaub.de\/magazin\/wp-content\/uploads\/2023\/10\/1696927845_abindenurlaub-reisebuero-leipzig.jpg","width":734,"height":650},{"@type":"BreadcrumbList","@id":"https:\/\/www.ab-in-den-urlaub.de\/magazin\/reisebuero-leipzig\/#breadcrumb","itemListElement":[{"@type":"ListItem","position":1,"name":"Home","item":"https:\/\/www.ab-in-den-urlaub.de\/magazin\/"},{"@type":"ListItem","position":2,"name":"Reiseb\u00fcro Leipzig Grimmaische"}]},{"@type":"WebSite","@id":"https:\/\/www.ab-in-den-urlaub.de\/magazin\/#website","url":"https:\/\/www.ab-in-den-urlaub.de\/magazin\/","name":"ab in den urlaub Magazin","description":"f\u00fcr deine sch\u00f6nste Zeit","publisher":{"@id":"https:\/\/www.ab-in-den-urlaub.de\/magazin\/#organization"},"potentialAction":[{"@type":"SearchAction","target":{"@type":"EntryPoint","urlTemplate":"https:\/\/www.ab-in-den-urlaub.de\/magazin\/?s={search_term_string}"},"query-input":{"@type":"PropertyValueSpecification","valueRequired":true,"valueName":"search_term_string"}}],"inLanguage":"de"},{"@type":"Organization","@id":"https:\/\/www.ab-in-den-urlaub.de\/magazin\/#organization","name":"ab in den urlaub","url":"https:\/\/www.ab-in-den-urlaub.de\/magazin\/","logo":{"@type":"ImageObject","inLanguage":"de","@id":"https:\/\/www.ab-in-den-urlaub.de\/magazin\/#\/schema\/logo\/image\/","url":"https:\/\/www.ab-in-den-urlaub.de\/magazin\/wp-content\/uploads\/2020\/02\/1581928570_ab-in-den-urlaub-logo.png","contentUrl":"https:\/\/www.ab-in-den-urlaub.de\/magazin\/wp-content\/uploads\/2020\/02\/1581928570_ab-in-den-urlaub-logo.png","width":526,"height":194,"caption":"ab in den urlaub"},"image":{"@id":"https:\/\/www.ab-in-den-urlaub.de\/magazin\/#\/schema\/logo\/image\/"},"sameAs":["https:\/\/www.facebook.com\/abindenurlaub.de\/","https:\/\/x.com\/abindenurlaub","https:\/\/www.instagram.com\/abindenurlaub\/?hl=de","https:\/\/www.youtube.com\/user\/abindenurlaubde"]}]}},"_links":{"self":[{"href":"https:\/\/www.ab-in-den-urlaub.de\/magazin\/wp-json\/wp\/v2\/pages\/105508","targetHints":{"allow":["GET"]}}],"collection":[{"href":"https:\/\/www.ab-in-den-urlaub.de\/magazin\/wp-json\/wp\/v2\/pages"}],"about":[{"href":"https:\/\/www.ab-in-den-urlaub.de\/magazin\/wp-json\/wp\/v2\/types\/page"}],"author":[{"embeddable":true,"href":"https:\/\/www.ab-in-den-urlaub.de\/magazin\/wp-json\/wp\/v2\/users\/92"}],"replies":[{"embeddable":true,"href":"https:\/\/www.ab-in-den-urlaub.de\/magazin\/wp-json\/wp\/v2\/comments?post=105508"}],"version-history":[{"count":28,"href":"https:\/\/www.ab-in-den-urlaub.de\/magazin\/wp-json\/wp\/v2\/pages\/105508\/revisions"}],"predecessor-version":[{"id":126572,"href":"https:\/\/www.ab-in-den-urlaub.de\/magazin\/wp-json\/wp\/v2\/pages\/105508\/revisions\/126572"}],"wp:featuredmedia":[{"embeddable":true,"href":"https:\/\/www.ab-in-den-urlaub.de\/magazin\/wp-json\/wp\/v2\/media\/105544"}],"wp:attachment":[{"href":"https:\/\/www.ab-in-den-urlaub.de\/magazin\/wp-json\/wp\/v2\/media?parent=105508"}],"curies":[{"name":"wp","href":"https:\/\/api.w.org\/{rel}","templated":true}]}}