{"id":83943,"date":"2021-08-29T19:45:08","date_gmt":"2021-08-29T17:45:08","guid":{"rendered":"https:\/\/www.ab-in-den-urlaub.de\/magazin\/?page_id=83943"},"modified":"2021-08-31T11:42:05","modified_gmt":"2021-08-31T09:42:05","slug":"back_to_work","status":"publish","type":"page","link":"https:\/\/www.ab-in-den-urlaub.de\/magazin\/back_to_work\/","title":{"rendered":"Back_to_work"},"content":{"rendered":"<div class=\"wpb-content-wrapper\"><p>[vc_row full_width=&#8220;stretch_row_content_no_spaces&#8220; full_height=&#8220;yes&#8220; content_placement=&#8220;middle&#8220; awb_type=&#8220;image&#8220; el_class=&#8220;ms_hero_img&#8220;][vc_column el_class=&#8220;ms_hero_header&#8220;][vc_single_image image=&#8220;83946&#8243; img_size=&#8220;full&#8220;][\/vc_column][\/vc_row][vc_row css=&#8220;.vc_custom_1594891404967{margin-top: 30px !important;}&#8220;][vc_column][vc_row_inner][vc_column_inner][vc_column_text]<\/p>\n<h1>Back to Work? Lieber nochmal schnell in den Urlaub!<\/h1>\n<h3>Der Sommer n\u00e4hert sich langsam dem Ende, viele kehren aus dem Urlaub zur\u00fcck, die Schule beginnt wieder und auch die B\u00fcrost\u00fchle wollen wieder besetzt werden. Wer noch nicht im Urlaub war, nochmal eine kurze Auszeit braucht oder einfach schon wieder weg m\u00f6chte, sollte keine Sommer Nostalgie aufkommen lassen, sondern einen Last Minute-Urlaub buchen! Bekanntlich sinken die Preise zum Ferienende und in den Urlaubsregionen kehrt wieder etwas Ruhe ein. Einen besseren Zeitpunkt f\u00fcr einen Last Minute-Urlaub gibt es kaum, also schlagen Sie jetzt schnell zu.<\/h3>\n<p>&nbsp;<\/p>\n<h2>Ihre Vorteile im \u00dcberblick:<\/h2>\n<h3>&#8211; Sonne satt vor dem Beginn des Herbstes<\/h3>\n<h3>&#8211; gro\u00dfe Gastfreundschaft der Einheimischen<\/h3>\n<h3>&#8211; ruhigere Urlaubsorte und Hotels<\/h3>\n<h3>&#8211; super Preis-\/Leistungsverh\u00e4ltnis<\/h3>\n<h3>&#8211; hochwertige Hotelanlagen<\/h3>\n<h3>&#8211; einfache, schnelle und sichere Bezahlung per \u00dcberweisung, PayPal oder Kreditkarte<\/h3>\n<p>&nbsp;<\/p>\n<p>&nbsp;<\/p>\n<p>[\/vc_column_text][\/vc_column_inner][\/vc_row_inner][vc_row_inner][vc_column_inner el_class=&#8220;ms_hoteltile&#8220; width=&#8220;1\/3&#8243;][vc_column_text]<strong><span style=\"font-size: 18pt;\">T\u00fcrkei &#8211; Side<br \/>\n<\/span><\/strong>[\/vc_column_text][vc_single_image image=&#8220;83955&#8243; img_size=&#8220;medium&#8220; alignment=&#8220;center&#8220; onclick=&#8220;custom_link&#8220; link=&#8220;https:\/\/www.ab-in-den-urlaub.de\/find\/hotel\/92998-giata\/offers?&#038;durationMax=14&#038;durationMin=3&#038;destinationId=destination-tr-mittelmeerregion&#038;travelType=packageTour&#038;tourOperators=5VF&#8220;][vc_column_text]<span style=\"font-size: 14pt;\"><i class=\"fa fa-star \" ><\/i><i class=\"fa fa-star \" ><\/i><i class=\"fa fa-star \" ><\/i><i class=\"fa fa-star \" ><\/i><i class=\"fa fa-star \" ><\/i><\/span><br \/>\n<strong><span style=\"font-size: 18pt;\">Sutan of Side<br \/>\n<\/span><\/strong><\/p>\n<p><strong>ab 396 \u20ac \/ 1 Woche All Inclusive<br \/>\n<\/strong>[\/vc_column_text][vc_btn title=&#8220;zum Angebot&#8220; shape=&#8220;square&#8220; color=&#8220;success&#8220; size=&#8220;lg&#8220; align=&#8220;center&#8220; button_block=&#8220;true&#8220; link=&#8220;url:https%3A%2F%2Fwww.ab-in-den-urlaub.de%2Ffind%2Fhotel%2F92998-giata%2Foffers%3F%26durationMax%3D14%26durationMin%3D3%26destinationId%3Ddestination-tr-mittelmeerregion%26travelType%3DpackageTour%26tourOperators%3D5VF|title:zum%20Angebot&#8220; el_class=&#8220;ms_btn&#8220;][\/vc_column_inner][vc_column_inner el_class=&#8220;ms_hoteltile&#8220; width=&#8220;1\/3&#8243;][vc_column_text]<strong><span style=\"font-size: 18pt;\">Griechenland &#8211; Kos<br \/>\n<\/span><\/strong>[\/vc_column_text][vc_single_image image=&#8220;83038&#8243; img_size=&#8220;medium&#8220; alignment=&#8220;center&#8220; onclick=&#8220;custom_link&#8220; link=&#8220;https:\/\/www.ab-in-den-urlaub.de\/find\/hotel\/79000-giata\/offers?&#038;durationMax=14&#038;durationMin=3&#038;destinationId=destination-gr-griechische-inseln&#038;travelType=packageTour&#038;tourOperators=5VF%2CX5VF&#8220;][vc_column_text]<span style=\"font-size: 14pt;\"><i class=\"fa fa-star \" ><\/i><i class=\"fa fa-star \" ><\/i><i class=\"fa fa-star \" ><\/i><i class=\"fa fa-star \" ><\/i><\/span><br \/>\n<strong><span style=\"font-size: 18pt;\">LABRANDA Marine Aquapark<br \/>\n<\/span><\/strong><\/p>\n<p><strong>ab 520 \u20ac \/ 1 Woche All Inclusive<br \/>\n<\/strong>[\/vc_column_text][vc_btn title=&#8220;zum Angebot&#8220; shape=&#8220;square&#8220; color=&#8220;success&#8220; size=&#8220;lg&#8220; align=&#8220;center&#8220; button_block=&#8220;true&#8220; link=&#8220;url:https%3A%2F%2Fwww.ab-in-den-urlaub.de%2Ffind%2Fhotel%2F79000-giata%2Foffers%3F%26durationMax%3D14%26durationMin%3D3%26destinationId%3Ddestination-gr-griechische-inseln%26travelType%3DpackageTour%26tourOperators%3D5VF%252CX5VF|title:zum%20Angebot&#8220; el_class=&#8220;ms_btn&#8220;][\/vc_column_inner][vc_column_inner el_class=&#8220;ms_hoteltile&#8220; width=&#8220;1\/3&#8243;][vc_column_text]<strong><span style=\"font-size: 18pt;\">Spanien &#8211; Mallorca<br \/>\n<\/span><\/strong>[\/vc_column_text][vc_single_image image=&#8220;83948&#8243; img_size=&#8220;large&#8220; alignment=&#8220;center&#8220; onclick=&#8220;custom_link&#8220; link=&#8220;https:\/\/www.ab-in-den-urlaub.de\/find\/hotel\/3261-giata\/offers?&#038;durationMax=14&#038;durationMin=3&#038;destinationId=destination-es-mallorca&#038;travelType=packageTour&#038;tourOperators=5VF&#8220;][vc_column_text]<span style=\"font-size: 14pt;\"><i class=\"fa fa-star \" ><\/i><i class=\"fa fa-star \" ><\/i><i class=\"fa fa-star \" ><\/i><i class=\"fa fa-star \" ><\/i><\/span><br \/>\n<strong><span style=\"font-size: 18pt;\">BG Java<\/span><\/strong><span style=\"font-size: 14pt;\"><br \/>\n<\/span><\/p>\n<p><strong>ab 405 \u20ac \/ 1 Woche mit Fr\u00fchst\u00fcck<br \/>\n<\/strong>[\/vc_column_text][vc_btn title=&#8220;zum Angebot&#8220; shape=&#8220;square&#8220; color=&#8220;success&#8220; size=&#8220;lg&#8220; align=&#8220;center&#8220; button_block=&#8220;true&#8220; link=&#8220;url:https%3A%2F%2Fwww.ab-in-den-urlaub.de%2Ffind%2Fhotel%2F3261-giata%2Foffers%3F%26durationMax%3D14%26durationMin%3D3%26destinationId%3Ddestination-es-mallorca%26travelType%3DpackageTour%26tourOperators%3D5VF|title:zum%20Angebot&#8220; el_class=&#8220;ms_btn&#8220;][\/vc_column_inner][\/vc_row_inner][vc_row_inner][vc_column_inner el_class=&#8220;ms_hoteltile&#8220; width=&#8220;1\/3&#8243;][vc_column_text]<strong><span style=\"font-size: 18pt;\">Italien &#8211; Sardinien<br \/>\n<\/span><\/strong>[\/vc_column_text][vc_single_image image=&#8220;83949&#8243; img_size=&#8220;large&#8220; alignment=&#8220;center&#8220; onclick=&#8220;custom_link&#8220; link=&#8220;https:\/\/www.ab-in-den-urlaub.de\/find\/hotel\/74133-giata\/offers?&#038;durationMax=14&#038;durationMin=3&#038;destinationId=destination-it-sardinien&#038;travelType=packageTour&#038;tourOperators=5VF%2CX5VF&#8220;][vc_column_text]<span style=\"font-size: 14pt;\"><i class=\"fa fa-star \" ><\/i><i class=\"fa fa-star \" ><\/i><i class=\"fa fa-star \" ><\/i><\/span><br \/>\n<strong><span style=\"font-size: 18pt;\">Club Hotel &amp; Club Residence Baiaverde<br \/>\n<\/span><\/strong><\/p>\n<p><strong>ab 331 \u20ac \/ 1 Woche<br \/>\n<\/strong>[\/vc_column_text][vc_btn title=&#8220;zum Angebot&#8220; shape=&#8220;square&#8220; color=&#8220;success&#8220; size=&#8220;lg&#8220; align=&#8220;center&#8220; button_block=&#8220;true&#8220; link=&#8220;url:https%3A%2F%2Fwww.ab-in-den-urlaub.de%2Ffind%2Fhotel%2F74133-giata%2Foffers%3F%26durationMax%3D14%26durationMin%3D3%26destinationId%3Ddestination-it-sardinien%26travelType%3DpackageTour%26tourOperators%3D5VF%252CX5VF|title:zum%20Angebot&#8220; el_class=&#8220;ms_btn&#8220;][\/vc_column_inner][vc_column_inner el_class=&#8220;ms_hoteltile&#8220; width=&#8220;1\/3&#8243;][vc_column_text]<strong><span style=\"font-size: 18pt;\">Spanien &#8211; Fuerteventura<br \/>\n<\/span><\/strong>[\/vc_column_text][vc_single_image image=&#8220;83953&#8243; img_size=&#8220;large&#8220; alignment=&#8220;center&#8220; onclick=&#8220;custom_link&#8220; link=&#8220;https:\/\/www.ab-in-den-urlaub.de\/find\/hotel\/425030-giata\/offers?&#038;durationMax=14&#038;durationMin=3&#038;destinationId=destination-es-kanaren&#038;travelType=packageTour&#038;tourOperators=5VF&#8220;][vc_column_text]<span style=\"font-size: 14pt;\"><i class=\"fa fa-star \" ><\/i><i class=\"fa fa-star \" ><\/i><i class=\"fa fa-star \" ><\/i><i class=\"fa fa-star \" ><\/i><\/span><br \/>\n<strong><span style=\"font-size: 18pt;\">Royal Palm Resort &amp; Spa<br \/>\n<\/span><\/strong><\/p>\n<p><strong>ab 619 \u20ac \/ 1 Woche mit Fr\u00fchst\u00fcck<br \/>\n<\/strong>[\/vc_column_text][vc_btn title=&#8220;zum Angebot&#8220; shape=&#8220;square&#8220; color=&#8220;success&#8220; size=&#8220;lg&#8220; align=&#8220;center&#8220; button_block=&#8220;true&#8220; link=&#8220;url:https%3A%2F%2Fwww.ab-in-den-urlaub.de%2Ffind%2Fhotel%2F425030-giata%2Foffers%3F%26durationMax%3D14%26durationMin%3D3%26destinationId%3Ddestination-es-kanaren%26travelType%3DpackageTour%26tourOperators%3D5VF|title:zum%20Angebot&#8220; el_class=&#8220;ms_btn&#8220;][\/vc_column_inner][vc_column_inner el_class=&#8220;ms_hoteltile&#8220; width=&#8220;1\/3&#8243;][vc_column_text]<strong><span style=\"font-size: 18pt;\">V.A.E. &#8211; Dubai<br \/>\n<\/span><\/strong>[\/vc_column_text][vc_single_image image=&#8220;83954&#8243; img_size=&#8220;large&#8220; alignment=&#8220;center&#8220; onclick=&#8220;custom_link&#8220; link=&#8220;https:\/\/www.ab-in-den-urlaub.de\/find\/hotel\/19798-giata\/offers?&#038;durationMax=14&#038;durationMin=3&#038;destinationId=destination-ae-dubai&#038;travelType=packageTour&#038;tourOperators=5VF&#8220;][vc_column_text]<span style=\"font-size: 14pt;\"><i class=\"fa fa-star \" ><\/i><i class=\"fa fa-star \" ><\/i><i class=\"fa fa-star \" ><\/i><i class=\"fa fa-star \" ><\/i><i class=\"fa fa-star \" ><\/i><\/span><br \/>\n<strong><span style=\"font-size: 18pt;\">Sheraton Jumeirah Beach Resort<\/span><\/strong><span style=\"font-size: 14pt;\"><br \/>\n<\/span><\/p>\n<p><strong>ab 953 \u20ac \/ 1 Woche mit Fr\u00fchst\u00fcck<br \/>\n<\/strong>[\/vc_column_text][vc_btn title=&#8220;zum Angebot&#8220; shape=&#8220;square&#8220; color=&#8220;success&#8220; size=&#8220;lg&#8220; align=&#8220;center&#8220; button_block=&#8220;true&#8220; link=&#8220;url:https%3A%2F%2Fwww.ab-in-den-urlaub.de%2Ffind%2Fhotel%2F19798-giata%2Foffers%3F%26durationMax%3D14%26durationMin%3D3%26destinationId%3Ddestination-ae-dubai%26travelType%3DpackageTour%26tourOperators%3D5VF|title:zum%20Angebot&#8220; el_class=&#8220;ms_btn&#8220;][\/vc_column_inner][\/vc_row_inner][vc_row_inner][vc_column_inner el_class=&#8220;ms_hoteltile&#8220; width=&#8220;1\/3&#8243;][vc_column_text]<strong><span style=\"font-size: 18pt;\">Kroatien &#8211; Dubrovnik<br \/>\n<\/span><\/strong>[\/vc_column_text][vc_single_image image=&#8220;83947&#8243; img_size=&#8220;large&#8220; alignment=&#8220;center&#8220; onclick=&#8220;custom_link&#8220; link=&#8220;https:\/\/www.ab-in-den-urlaub.de\/find\/hotel\/136408-giata\/offers?&#038;durationMax=14&#038;durationMin=3&#038;destinationId=destination-hr-adriatische-kueste&#038;travelType=packageTour&#038;tourOperators=5VF&#8220;][vc_column_text]<span style=\"font-size: 14pt;\"><i class=\"fa fa-star \" ><\/i><i class=\"fa fa-star \" ><\/i><i class=\"fa fa-star \" ><\/i><i class=\"fa fa-star \" ><\/i><i class=\"fa fa-star \" ><\/i><\/span><br \/>\n<strong><span style=\"font-size: 18pt;\">Admiral Grand Hotel<br \/>\n<\/span><\/strong><\/p>\n<p><strong>ab 662 \u20ac \/ 1 Woche mit Halbpension<br \/>\n<\/strong>[\/vc_column_text][vc_btn title=&#8220;zum Angebot&#8220; shape=&#8220;square&#8220; color=&#8220;success&#8220; size=&#8220;lg&#8220; align=&#8220;center&#8220; button_block=&#8220;true&#8220; link=&#8220;url:https%3A%2F%2Fwww.ab-in-den-urlaub.de%2Ffind%2Fhotel%2F136408-giata%2Foffers%3F%26durationMax%3D14%26durationMin%3D3%26destinationId%3Ddestination-hr-adriatische-kueste%26travelType%3DpackageTour%26tourOperators%3D5VF|title:zum%20Angebot&#8220; el_class=&#8220;ms_btn&#8220;][\/vc_column_inner][vc_column_inner el_class=&#8220;ms_hoteltile&#8220; width=&#8220;1\/3&#8243;][vc_column_text]<strong><span style=\"font-size: 18pt;\">Dom Rep. &#8211; Punta Cana<br \/>\n<\/span><\/strong>[\/vc_column_text][vc_single_image image=&#8220;83951&#8243; img_size=&#8220;large&#8220; alignment=&#8220;center&#8220; onclick=&#8220;custom_link&#8220; link=&#8220;https:\/\/www.ab-in-den-urlaub.de\/find\/hotel\/1323487-giata\/offers?&#038;durationMax=14&#038;durationMin=3&#038;destinationId=destination-do-ostkueste-dominikanische-republik&#038;travelType=packageTour&#038;tourOperators=5VF%2CX5VF&#8220;][vc_column_text]<span style=\"font-size: 14pt;\"><i class=\"fa fa-star \" ><\/i><i class=\"fa fa-star \" ><\/i><i class=\"fa fa-star \" ><\/i><i class=\"fa fa-star \" ><\/i><\/span><br \/>\n<strong><span style=\"font-size: 18pt;\">Impressive Punta Cana<br \/>\n<\/span><\/strong><\/p>\n<p><strong>ab 986 \u20ac \/ 1 Woche mit All Inclusive<br \/>\n<\/strong>[\/vc_column_text][vc_btn title=&#8220;zum Angebot&#8220; shape=&#8220;square&#8220; color=&#8220;success&#8220; size=&#8220;lg&#8220; align=&#8220;center&#8220; button_block=&#8220;true&#8220; link=&#8220;url:https%3A%2F%2Fwww.ab-in-den-urlaub.de%2Ffind%2Fhotel%2F1323487-giata%2Foffers%3F%26durationMax%3D14%26durationMin%3D3%26destinationId%3Ddestination-do-ostkueste-dominikanische-republik%26travelType%3DpackageTour%26tourOperators%3D5VF%252CX5VF|title:zum%20Angebot&#8220; el_class=&#8220;ms_btn&#8220;][\/vc_column_inner][vc_column_inner el_class=&#8220;ms_hoteltile&#8220; width=&#8220;1\/3&#8243;][vc_column_text]<strong><span style=\"font-size: 18pt;\">\u00c4gypten &#8211; Hurghada<br \/>\n<\/span><\/strong>[\/vc_column_text][vc_single_image image=&#8220;83950&#8243; img_size=&#8220;large&#8220; alignment=&#8220;center&#8220; onclick=&#8220;custom_link&#8220; link=&#8220;https:\/\/www.ab-in-den-urlaub.de\/find\/hotel\/39071-giata\/offers?&#038;durationMax=14&#038;durationMin=3&#038;destinationId=destination-eg-rotes-meer&#038;travelType=packageTour&#038;tourOperators=5VF&#8220;][vc_column_text]<span style=\"font-size: 14pt;\"><i class=\"fa fa-star \" ><\/i><i class=\"fa fa-star \" ><\/i><i class=\"fa fa-star \" ><\/i><i class=\"fa fa-star \" ><\/i><i class=\"fa fa-star \" ><\/i><\/span><br \/>\n<strong><span style=\"font-size: 18pt;\">Dana Beach Resort<\/span><\/strong><span style=\"font-size: 14pt;\"><br \/>\n<\/span><\/p>\n<p><strong>ab 525 \u20ac \/ 1 Woche mit All Inclusive<br \/>\n<\/strong>[\/vc_column_text][vc_btn title=&#8220;zum Angebot&#8220; shape=&#8220;square&#8220; color=&#8220;success&#8220; size=&#8220;lg&#8220; align=&#8220;center&#8220; button_block=&#8220;true&#8220; link=&#8220;url:https%3A%2F%2Fwww.ab-in-den-urlaub.de%2Ffind%2Fhotel%2F39071-giata%2Foffers%3F%26durationMax%3D14%26durationMin%3D3%26destinationId%3Ddestination-eg-rotes-meer%26travelType%3DpackageTour%26tourOperators%3D5VF|title:zum%20Angebot&#8220; el_class=&#8220;ms_btn&#8220;][\/vc_column_inner][\/vc_row_inner][\/vc_column][\/vc_row][vc_row][vc_column][vc_row_inner][vc_column_inner][vc_column_text]<\/p>\n<p style=\"font-size: 20px !important;\">Diese Seite wurde in Zusammenarbeit mit FTI Touristik erstellt<\/p>\n<p>[\/vc_column_text][\/vc_column_inner][vc_column_inner][vc_single_image image=&#8220;84046&#8243; img_size=&#8220;medium&#8220; alignment=&#8220;center&#8220;][\/vc_column_inner][\/vc_row_inner][vc_raw_js]JTNDc2NyaXB0JTNFJTIwJTBBJTBBJTJGJTJGJTIwbWFrZSUyMHRpbGUlMjBjbGlja2FibGUlMEElMEFqUXVlcnklMjglMjcubXNfaG90ZWx0aWxlJTI3JTI5Lm9uJTI4JTI3Y2xpY2slMjclMkMlMjBmdW5jdGlvbiUyOCUyOSUyMCU3QiUwQSUyMCUyMG1zSHJlZiUyMCUzRCUyMGpRdWVyeSUyOHRoaXMlMjkuZmluZCUyOCUyN2ElMjclMjkuYXR0ciUyOCUyN2hyZWYlMjclMjklM0IlMEElMjAlMjB3aW5kb3cubG9jYXRpb24uaHJlZiUyMCUzRCUyMG1zSHJlZiUzQiUwQSU3RCUyOSUzQiUwQSUwQSUzQyUyRnNjcmlwdCUzRQ==[\/vc_raw_js][\/vc_column][\/vc_row]<\/p>\n<\/div>","protected":false},"excerpt":{"rendered":"<p>[vc_row full_width=&#8220;stretch_row_content_no_spaces&#8220; full_height=&#8220;yes&#8220; content_placement=&#8220;middle&#8220; awb_type=&#8220;image&#8220; el_class=&#8220;ms_hero_img&#8220;][vc_column el_class=&#8220;ms_hero_header&#8220;][vc_single_image image=&#8220;83946&#8243; img_size=&#8220;full&#8220;][\/vc_column][\/vc_row][vc_row css=&#8220;.vc_custom_1594891404967{margin-top: 30px !important;}&#8220;][vc_column][vc_row_inner][vc_column_inner][vc_column_text] Back to Work? Lieber nochmal schnell in den Urlaub! Der Sommer n\u00e4hert sich langsam dem Ende, viele kehren aus dem Urlaub zur\u00fcck, die Schule beginnt wieder und auch die B\u00fcrost\u00fchle wollen wieder besetzt werden. Wer noch nicht im Urlaub war, nochmal eine kurze [&hellip;]<\/p>\n","protected":false},"author":94,"featured_media":0,"parent":0,"menu_order":9,"comment_status":"closed","ping_status":"closed","template":"","meta":{"_acf_changed":false,"footnotes":""},"class_list":["post-83943","page","type-page","status-publish"],"acf":[],"yoast_head":"<!-- This site is optimized with the Yoast SEO Premium plugin v27.3 (Yoast SEO v27.3) - https:\/\/yoast.com\/product\/yoast-seo-premium-wordpress\/ -->\n<title>Back_to_work - ab in den urlaub Magazin<\/title>\n<meta name=\"robots\" content=\"noindex, nofollow\" \/>\n<meta property=\"og:locale\" content=\"de_DE\" \/>\n<meta property=\"og:type\" content=\"article\" \/>\n<meta property=\"og:title\" content=\"Back_to_work\" \/>\n<meta property=\"og:description\" content=\"[vc_row full_width=&#8220;stretch_row_content_no_spaces&#8220; full_height=&#8220;yes&#8220; content_placement=&#8220;middle&#8220; awb_type=&#8220;image&#8220; el_class=&#8220;ms_hero_img&#8220;][vc_column el_class=&#8220;ms_hero_header&#8220;][vc_single_image image=&#8220;83946&#8243; img_size=&#8220;full&#8220;][\/vc_column][\/vc_row][vc_row css=&#8220;.vc_custom_1594891404967{margin-top: 30px !important;}&#8220;][vc_column][vc_row_inner][vc_column_inner][vc_column_text] Back to Work? Lieber nochmal schnell in den Urlaub! Der Sommer n\u00e4hert sich langsam dem Ende, viele kehren aus dem Urlaub zur\u00fcck, die Schule beginnt wieder und auch die B\u00fcrost\u00fchle wollen wieder besetzt werden. Wer noch nicht im Urlaub war, nochmal eine kurze [&hellip;]\" \/>\n<meta property=\"og:url\" content=\"https:\/\/www.ab-in-den-urlaub.de\/magazin\/back_to_work\/\" \/>\n<meta property=\"og:site_name\" content=\"ab in den urlaub Magazin\" \/>\n<meta property=\"article:publisher\" content=\"https:\/\/www.facebook.com\/abindenurlaub.de\/\" \/>\n<meta property=\"article:modified_time\" content=\"2021-08-31T09:42:05+00:00\" \/>\n<meta name=\"twitter:card\" content=\"summary_large_image\" \/>\n<meta name=\"twitter:site\" content=\"@abindenurlaub\" \/>\n<meta name=\"twitter:label1\" content=\"Gesch\u00e4tzte Lesezeit\" \/>\n\t<meta name=\"twitter:data1\" content=\"4\u00a0Minuten\" \/>\n<script type=\"application\/ld+json\" class=\"yoast-schema-graph\">{\"@context\":\"https:\\\/\\\/schema.org\",\"@graph\":[{\"@type\":\"WebPage\",\"@id\":\"https:\\\/\\\/www.ab-in-den-urlaub.de\\\/magazin\\\/back_to_work\\\/\",\"url\":\"https:\\\/\\\/www.ab-in-den-urlaub.de\\\/magazin\\\/back_to_work\\\/\",\"name\":\"Back_to_work - ab in den urlaub Magazin\",\"isPartOf\":{\"@id\":\"https:\\\/\\\/www.ab-in-den-urlaub.de\\\/magazin\\\/#website\"},\"breadcrumb\":{\"@id\":\"https:\\\/\\\/www.ab-in-den-urlaub.de\\\/magazin\\\/back_to_work\\\/#breadcrumb\"},\"inLanguage\":\"de\",\"potentialAction\":[{\"@type\":\"ReadAction\",\"target\":[\"https:\\\/\\\/www.ab-in-den-urlaub.de\\\/magazin\\\/back_to_work\\\/\"]}]},{\"@type\":\"BreadcrumbList\",\"@id\":\"https:\\\/\\\/www.ab-in-den-urlaub.de\\\/magazin\\\/back_to_work\\\/#breadcrumb\",\"itemListElement\":[{\"@type\":\"ListItem\",\"position\":1,\"name\":\"Home\",\"item\":\"https:\\\/\\\/www.ab-in-den-urlaub.de\\\/magazin\\\/\"},{\"@type\":\"ListItem\",\"position\":2,\"name\":\"Back_to_work\"}]},{\"@type\":\"WebSite\",\"@id\":\"https:\\\/\\\/www.ab-in-den-urlaub.de\\\/magazin\\\/#website\",\"url\":\"https:\\\/\\\/www.ab-in-den-urlaub.de\\\/magazin\\\/\",\"name\":\"ab in den urlaub Magazin\",\"description\":\"f\u00fcr deine sch\u00f6nste Zeit\",\"publisher\":{\"@id\":\"https:\\\/\\\/www.ab-in-den-urlaub.de\\\/magazin\\\/#organization\"},\"potentialAction\":[{\"@type\":\"SearchAction\",\"target\":{\"@type\":\"EntryPoint\",\"urlTemplate\":\"https:\\\/\\\/www.ab-in-den-urlaub.de\\\/magazin\\\/?s={search_term_string}\"},\"query-input\":{\"@type\":\"PropertyValueSpecification\",\"valueRequired\":true,\"valueName\":\"search_term_string\"}}],\"inLanguage\":\"de\"},{\"@type\":\"Organization\",\"@id\":\"https:\\\/\\\/www.ab-in-den-urlaub.de\\\/magazin\\\/#organization\",\"name\":\"ab in den urlaub\",\"url\":\"https:\\\/\\\/www.ab-in-den-urlaub.de\\\/magazin\\\/\",\"logo\":{\"@type\":\"ImageObject\",\"inLanguage\":\"de\",\"@id\":\"https:\\\/\\\/www.ab-in-den-urlaub.de\\\/magazin\\\/#\\\/schema\\\/logo\\\/image\\\/\",\"url\":\"https:\\\/\\\/www.ab-in-den-urlaub.de\\\/magazin\\\/wp-content\\\/uploads\\\/2020\\\/02\\\/1581928570_ab-in-den-urlaub-logo.png\",\"contentUrl\":\"https:\\\/\\\/www.ab-in-den-urlaub.de\\\/magazin\\\/wp-content\\\/uploads\\\/2020\\\/02\\\/1581928570_ab-in-den-urlaub-logo.png\",\"width\":526,\"height\":194,\"caption\":\"ab in den urlaub\"},\"image\":{\"@id\":\"https:\\\/\\\/www.ab-in-den-urlaub.de\\\/magazin\\\/#\\\/schema\\\/logo\\\/image\\\/\"},\"sameAs\":[\"https:\\\/\\\/www.facebook.com\\\/abindenurlaub.de\\\/\",\"https:\\\/\\\/x.com\\\/abindenurlaub\",\"https:\\\/\\\/www.instagram.com\\\/abindenurlaub\\\/?hl=de\",\"https:\\\/\\\/www.youtube.com\\\/user\\\/abindenurlaubde\"]}]}<\/script>\n<!-- \/ Yoast SEO Premium plugin. -->","yoast_head_json":{"title":"Back_to_work - ab in den urlaub Magazin","robots":{"index":"noindex","follow":"nofollow"},"og_locale":"de_DE","og_type":"article","og_title":"Back_to_work","og_description":"[vc_row full_width=&#8220;stretch_row_content_no_spaces&#8220; full_height=&#8220;yes&#8220; content_placement=&#8220;middle&#8220; awb_type=&#8220;image&#8220; el_class=&#8220;ms_hero_img&#8220;][vc_column el_class=&#8220;ms_hero_header&#8220;][vc_single_image image=&#8220;83946&#8243; img_size=&#8220;full&#8220;][\/vc_column][\/vc_row][vc_row css=&#8220;.vc_custom_1594891404967{margin-top: 30px !important;}&#8220;][vc_column][vc_row_inner][vc_column_inner][vc_column_text] Back to Work? Lieber nochmal schnell in den Urlaub! Der Sommer n\u00e4hert sich langsam dem Ende, viele kehren aus dem Urlaub zur\u00fcck, die Schule beginnt wieder und auch die B\u00fcrost\u00fchle wollen wieder besetzt werden. Wer noch nicht im Urlaub war, nochmal eine kurze [&hellip;]","og_url":"https:\/\/www.ab-in-den-urlaub.de\/magazin\/back_to_work\/","og_site_name":"ab in den urlaub Magazin","article_publisher":"https:\/\/www.facebook.com\/abindenurlaub.de\/","article_modified_time":"2021-08-31T09:42:05+00:00","twitter_card":"summary_large_image","twitter_site":"@abindenurlaub","twitter_misc":{"Gesch\u00e4tzte Lesezeit":"4\u00a0Minuten"},"schema":{"@context":"https:\/\/schema.org","@graph":[{"@type":"WebPage","@id":"https:\/\/www.ab-in-den-urlaub.de\/magazin\/back_to_work\/","url":"https:\/\/www.ab-in-den-urlaub.de\/magazin\/back_to_work\/","name":"Back_to_work - ab in den urlaub Magazin","isPartOf":{"@id":"https:\/\/www.ab-in-den-urlaub.de\/magazin\/#website"},"breadcrumb":{"@id":"https:\/\/www.ab-in-den-urlaub.de\/magazin\/back_to_work\/#breadcrumb"},"inLanguage":"de","potentialAction":[{"@type":"ReadAction","target":["https:\/\/www.ab-in-den-urlaub.de\/magazin\/back_to_work\/"]}]},{"@type":"BreadcrumbList","@id":"https:\/\/www.ab-in-den-urlaub.de\/magazin\/back_to_work\/#breadcrumb","itemListElement":[{"@type":"ListItem","position":1,"name":"Home","item":"https:\/\/www.ab-in-den-urlaub.de\/magazin\/"},{"@type":"ListItem","position":2,"name":"Back_to_work"}]},{"@type":"WebSite","@id":"https:\/\/www.ab-in-den-urlaub.de\/magazin\/#website","url":"https:\/\/www.ab-in-den-urlaub.de\/magazin\/","name":"ab in den urlaub Magazin","description":"f\u00fcr deine sch\u00f6nste Zeit","publisher":{"@id":"https:\/\/www.ab-in-den-urlaub.de\/magazin\/#organization"},"potentialAction":[{"@type":"SearchAction","target":{"@type":"EntryPoint","urlTemplate":"https:\/\/www.ab-in-den-urlaub.de\/magazin\/?s={search_term_string}"},"query-input":{"@type":"PropertyValueSpecification","valueRequired":true,"valueName":"search_term_string"}}],"inLanguage":"de"},{"@type":"Organization","@id":"https:\/\/www.ab-in-den-urlaub.de\/magazin\/#organization","name":"ab in den urlaub","url":"https:\/\/www.ab-in-den-urlaub.de\/magazin\/","logo":{"@type":"ImageObject","inLanguage":"de","@id":"https:\/\/www.ab-in-den-urlaub.de\/magazin\/#\/schema\/logo\/image\/","url":"https:\/\/www.ab-in-den-urlaub.de\/magazin\/wp-content\/uploads\/2020\/02\/1581928570_ab-in-den-urlaub-logo.png","contentUrl":"https:\/\/www.ab-in-den-urlaub.de\/magazin\/wp-content\/uploads\/2020\/02\/1581928570_ab-in-den-urlaub-logo.png","width":526,"height":194,"caption":"ab in den urlaub"},"image":{"@id":"https:\/\/www.ab-in-den-urlaub.de\/magazin\/#\/schema\/logo\/image\/"},"sameAs":["https:\/\/www.facebook.com\/abindenurlaub.de\/","https:\/\/x.com\/abindenurlaub","https:\/\/www.instagram.com\/abindenurlaub\/?hl=de","https:\/\/www.youtube.com\/user\/abindenurlaubde"]}]}},"_links":{"self":[{"href":"https:\/\/www.ab-in-den-urlaub.de\/magazin\/wp-json\/wp\/v2\/pages\/83943","targetHints":{"allow":["GET"]}}],"collection":[{"href":"https:\/\/www.ab-in-den-urlaub.de\/magazin\/wp-json\/wp\/v2\/pages"}],"about":[{"href":"https:\/\/www.ab-in-den-urlaub.de\/magazin\/wp-json\/wp\/v2\/types\/page"}],"author":[{"embeddable":true,"href":"https:\/\/www.ab-in-den-urlaub.de\/magazin\/wp-json\/wp\/v2\/users\/94"}],"replies":[{"embeddable":true,"href":"https:\/\/www.ab-in-den-urlaub.de\/magazin\/wp-json\/wp\/v2\/comments?post=83943"}],"version-history":[{"count":20,"href":"https:\/\/www.ab-in-den-urlaub.de\/magazin\/wp-json\/wp\/v2\/pages\/83943\/revisions"}],"predecessor-version":[{"id":83957,"href":"https:\/\/www.ab-in-den-urlaub.de\/magazin\/wp-json\/wp\/v2\/pages\/83943\/revisions\/83957"}],"wp:attachment":[{"href":"https:\/\/www.ab-in-den-urlaub.de\/magazin\/wp-json\/wp\/v2\/media?parent=83943"}],"curies":[{"name":"wp","href":"https:\/\/api.w.org\/{rel}","templated":true}]}}